{"id":4579,"date":"2022-04-24T18:08:10","date_gmt":"2022-04-24T17:08:10","guid":{"rendered":"https:\/\/vedlich.info\/?page_id=4579"},"modified":"2022-04-24T18:21:06","modified_gmt":"2022-04-24T17:21:06","slug":"4579-2","status":"publish","type":"page","link":"https:\/\/vedlich.info\/?page_id=4579","title":{"rendered":"V\u00fduka"},"content":{"rendered":"\n<p class=\"has-text-align-left\"><strong><u>Ve\u0159ejn\u00e1 spr\u00e1va<\/u><\/strong><\/p>\n\n\n\n<p class=\"has-text-align-left\">&nbsp;Ve\u0159ejn\u00e1 spr\u00e1va.<\/p>\n\n\n\n<p class=\"has-text-align-left\">(Student\/ka vysv\u011btl\u00ed obsah pojmu ve\u0159ejn\u00e1 spr\u00e1va v\u010d. pozitivn\u00edho a negativn\u00edho vymezen\u00ed ve\u0159ejn\u00e9 spr\u00e1vy. Student\/ka se d\u00e1le zam\u011b\u0159\u00ed na subsyst\u00e9my ve\u0159ejn\u00e9 spr\u00e1vy a vysv\u011btl\u00ed pojem legalita ve\u0159ejn\u00e9 spr\u00e1vy.)<\/p>\n\n\n\n<p class=\"has-text-align-left\">Organizace ve\u0159ejn\u00e9 spr\u00e1vy.&nbsp;<\/p>\n\n\n\n<p class=\"has-text-align-left\">(Definice a vymezen\u00ed ve\u0159ejn\u00e9 spr\u00e1vy, z\u00e1sady fungov\u00e1n\u00ed, mo\u017en\u00e9 zp\u016fsoby vzniku, syst\u00e9my m\u00edstn\u00ed spr\u00e1vy, charakteristika modern\u00edho st\u00e1tu, typy st\u00e1tn\u00edch org\u00e1n\u016f, znaky a funkce obce.)<\/p>\n\n\n\n<p class=\"has-text-align-left\">&nbsp;St\u00e1tn\u00ed spr\u00e1va a samospr\u00e1va.<\/p>\n\n\n\n<p class=\"has-text-align-left\">(Student\/ka vysv\u011btl\u00ed obsah pojmu st\u00e1tn\u00ed spr\u00e1va a samospr\u00e1va a vymez\u00ed je vz\u00e1jemn\u011b v\u016f\u010di sob\u011b. Student\/ka se d\u00e1le zam\u011b\u0159\u00ed na zakotven\u00ed pr\u00e1vn\u00ed \u00fapravy st\u00e1tn\u00ed spr\u00e1vy a samospr\u00e1vy jednak v \u00fastavn\u00edm po\u0159\u00e1dku \u010cesk\u00e9 republiky a jednak v dal\u0161\u00edch pr\u00e1vn\u00edch norm\u00e1ch.)<\/p>\n\n\n\n<p class=\"has-text-align-left\">Spr\u00e1vn\u00ed pr\u00e1vo.&nbsp;<strong><em><\/em><\/strong><\/p>\n\n\n\n<p class=\"has-text-align-left\">(Student\/ka charakterizuje postaven\u00ed spr\u00e1vn\u00edho pr\u00e1va v&nbsp;syst\u00e9mu pr\u00e1va, d\u00e1le pop\u00ed\u0161e p\u0159edm\u011bt a prameny spr\u00e1vn\u00edho pr\u00e1va).<\/p>\n\n\n\n<p class=\"has-text-align-left\">Spr\u00e1vn\u00ed akty, spr\u00e1vn\u00ed rozhodnut\u00ed.<\/p>\n\n\n\n<p class=\"has-text-align-left\">(Student\/ka vysv\u011btl\u00ed obsah pojmu spr\u00e1vn\u00ed akt a pop\u00ed\u0161e \u010dlen\u011bn\u00ed spr\u00e1vn\u00edch akt\u016f. Student\/ka se d\u00e1le zam\u011b\u0159\u00ed na spr\u00e1vn\u00ed rozhodnut\u00ed, jeho n\u00e1le\u017eitosti, lh\u016fty pro vyd\u00e1n\u00ed rozhodnut\u00ed, ozn\u00e1men\u00ed rozhodnut\u00ed, druhy rozhodnut\u00ed, pr\u00e1vn\u00ed moc a vykonatelnosti, opat\u0159en\u00ed proti ne\u010dinnosti a nicotnost rozhodnut\u00ed).<\/p>\n\n\n\n<p class=\"has-text-align-left\">Odvolan\u00ed a rozklad.&nbsp;<\/p>\n\n\n\n<p class=\"has-text-align-left\">(Student\/ka vysv\u011btl\u00ed obsah pojm\u016f odvol\u00e1n\u00ed a rozklad a jejich vz\u00e1jemn\u00e9 odli\u0161en\u00ed. D\u00e1le pop\u00ed\u0161e dva \u00fa\u010dinky odvolac\u00edho \u0159\u00edzen\u00ed a mo\u017en\u00e1 rozhodnut\u00ed odvolac\u00edho org\u00e1nu.)<\/p>\n\n\n\n<p class=\"has-text-align-left\">Ve\u0159ejnopr\u00e1vn\u00ed smlouvy.<\/p>\n\n\n\n<p class=\"has-text-align-left\">&nbsp;(Student\/ka vysv\u011btl\u00ed obsah pojmu ve\u0159ejnopr\u00e1vn\u00ed smlouvy a jej\u00ed ukotven\u00ed v&nbsp;pr\u00e1vn\u00edm \u0159\u00e1du \u010cR, d\u00e1le pop\u00ed\u0161e druhy ve\u0159ejnopr\u00e1vn\u00edch smluv, zp\u016fsoby jejich uzav\u00edr\u00e1n\u00ed, p\u0159ezkoum\u00e1n\u00ed jejich souladu, jejich zm\u011bny a vym\u00e1h\u00e1n\u00ed z\u00e1vazk\u016f z&nbsp;nich plynouc\u00edch.)<\/p>\n\n\n\n<p class=\"has-text-align-left\">St\u00e1tn\u00ed ob\u010danstv\u00ed.<\/p>\n\n\n\n<p class=\"has-text-align-left\">(Student\/ka vysv\u011btl\u00ed obsah institutu st\u00e1tn\u00edho ob\u010danstv\u00ed a jeho pr\u00e1vn\u00ed \u00fapravu v \u010cR, d\u00e1le se zam\u011b\u0159\u00ed na jeho nab\u00fdv\u00e1n\u00ed a pozb\u00fdv\u00e1n\u00ed a \u00falohu ve\u0159ejn\u00e9 spr\u00e1vy v&nbsp;procesu ud\u011blov\u00e1n\u00ed st\u00e1tn\u00edho ob\u010danstv\u00ed.)<\/p>\n\n\n\n<p class=\"has-text-align-left\">Ochrana osobn\u00edch \u00fadaj\u016f ve ve\u0159ejn\u00e9 spr\u00e1v\u011b.<\/p>\n\n\n\n<p class=\"has-text-align-left\">(Student\/ka pop\u00ed\u0161e syst\u00e9m ochrany osobn\u00edch \u00fadaj\u016f a jejich ukotven\u00ed v&nbsp;pr\u00e1vn\u00edm \u0159\u00e1du \u010cR. Student\/ka se podrobn\u011b zam\u011b\u0159\u00ed na aplikaci pravidel ochrany osobn\u00edch \u00fadaj\u016f ve ve\u0159ejn\u00e9 spr\u00e1v\u011b.)<\/p>\n\n\n\n<p class=\"has-text-align-left\">&nbsp;Ve\u0159ejn\u00e1 slu\u017eba a st\u00e1tn\u00ed slu\u017eba.<\/p>\n\n\n\n<p class=\"has-text-align-left\">(Student\/ka vysv\u011btl\u00ed obsah pojm\u016f a jejich vz\u00e1jemn\u00fd vztah, pop\u00ed\u0161e hodnoty a principy ve\u0159ejn\u00e9 slu\u017eby a historick\u00fd v\u00fdvoj. Student\/ka uvede syst\u00e9my ve\u0159ejn\u00e9 slu\u017eby v&nbsp;zem\u00edch EU a detailn\u011b pop\u00ed\u0161e syst\u00e9m ve\u0159ejn\u00e9 slu\u017eby v&nbsp;\u010cR.)<\/p>\n\n\n\n<p class=\"has-text-align-left\">Z\u00e1sady fungov\u00e1n\u00ed ve\u0159ejn\u00e9 spr\u00e1vy.&nbsp;<\/p>\n\n\n\n<p class=\"has-text-align-left\">(Student\/ka definuje z\u00e1kladn\u00ed principy fungov\u00e1n\u00ed ve\u0159ejn\u00e9 spr\u00e1vy, zp\u016fsoby vzniku org\u00e1n\u016f ve\u0159ejn\u00e9 spr\u00e1vy, p\u016fsobnost org\u00e1n\u016f ve\u0159ejn\u00e9 spr\u00e1vy, typy org\u00e1n\u016f ve\u0159ejn\u00e9 spr\u00e1vy, charakteristika modern\u00edho st\u00e1tu.)<\/p>\n\n\n\n<p class=\"has-text-align-left\">D\u011bjiny ve\u0159ejn\u00e9 spr\u00e1vy v&nbsp;\u010cesk\u00fdch zem\u00edch.&nbsp;<\/p>\n\n\n\n<p class=\"has-text-align-left\">(Student\/ka charakterizuje v\u00fdvoj st\u00e1tn\u00edch a region\u00e1ln\u00edch instituc\u00ed v&nbsp;historii \u010cR.)<\/p>\n\n\n\n<p class=\"has-text-align-left\">Pl\u00e1nov\u00e1n\u00ed ve ve\u0159ejn\u00e9 spr\u00e1v\u011b.<\/p>\n\n\n\n<p class=\"has-text-align-left\">(Student\/ka pop\u00ed\u0161e funkci a v\u00fdznam pl\u00e1nov\u00e1n\u00ed pro ve\u0159ejnou spr\u00e1vu, pop\u00ed\u0161e pr\u00e1vn\u00ed ukotven\u00ed pl\u00e1novac\u00edch proces\u016f, organiza\u010dn\u00ed strukturu pl\u00e1nov\u00e1n\u00ed na jednotliv\u00fdch \u00farovn\u00edch ve\u0159ejn\u00e9 spr\u00e1vy, pop\u00ed\u0161e typy pl\u00e1n\u016f a vlastnosti dob\u0159e formulovan\u00e9ho c\u00edle.)<\/p>\n\n\n\n<p class=\"has-text-align-left\">Kontrola ve ve\u0159ejn\u00e9 spr\u00e1v\u011b.<\/p>\n\n\n\n<p class=\"has-text-align-left\">(Student\/ka vysv\u011btl\u00ed obsah pojmu, pop\u00ed\u0161e c\u00edle, syst\u00e9my a techniky kontroly ve ve\u0159ejn\u00e9 spr\u00e1v\u011b. Student\/ka d\u00e1le pop\u00ed\u0161e zp\u016fsoby vn\u011bj\u0161\u00ed kontroly ve\u0159ejn\u00e9 spr\u00e1vy v \u010cR.)<\/p>\n\n\n\n<p class=\"has-text-align-left\">Finan\u010dn\u00ed kontrola ve ve\u0159ejn\u00e9 spr\u00e1v\u011b.<\/p>\n\n\n\n<p class=\"has-text-align-left\">(Student\/ka vysv\u011btl\u00ed obsah pojmu, pop\u00ed\u0161e c\u00edle, syst\u00e9my a techniky finan\u010dn\u00ed kontroly ve ve\u0159ejn\u00e9 spr\u00e1v\u011b a jej\u00ed pr\u00e1vn\u00ed ukotven\u00ed. Student\/ka d\u00e1le pop\u00ed\u0161e organizaci finan\u010dn\u00ed kontroly v \u010cR.)<\/p>\n\n\n\n<p class=\"has-text-align-left\">Metody a techniky \u0159\u00edzen\u00ed ve ve\u0159ejn\u00e9 spr\u00e1v\u011b.<\/p>\n\n\n\n<p class=\"has-text-align-left\">(Student\/ka vysv\u011btl\u00ed obsah pojmu, specifika a c\u00edle \u0159\u00edzen\u00ed ve ve\u0159ejn\u00e9 spr\u00e1v\u011b a d\u00e1le pop\u00ed\u0161e jednotliv\u00e9 styly a syst\u00e9my \u0159\u00edzen\u00ed, kter\u00e9 se ve ve\u0159ejn\u00e9 spr\u00e1v\u011b u\u017e\u00edvaj\u00ed.)<\/p>\n\n\n\n<p class=\"has-text-align-left\">\u0158\u00edzen\u00ed lidsk\u00fdch zdroj\u016f ve ve\u0159ejn\u00e9 spr\u00e1v\u011b.<\/p>\n\n\n\n<p class=\"has-text-align-left\">(Student\/ka p\u0159edstav\u00ed jednotliv\u00e9 f\u00e1ze procesu \u0159\u00edzen\u00ed lidsk\u00fdch zdroj\u016f a zam\u011b\u0159\u00ed se na specifika p\u00e9\u010de o zam\u011bstnance ve ve\u0159ejn\u00e9 spr\u00e1v\u011b a jej\u00ed pr\u00e1vn\u00ed ukotven\u00ed. Student\/ka zm\u00edn\u00ed trendy person\u00e1ln\u00edho managementu ve ve\u0159ejn\u00e9 spr\u00e1v\u011b.)<\/p>\n","protected":false},"excerpt":{"rendered":"<p>Ve\u0159ejn\u00e1 spr\u00e1va &nbsp;Ve\u0159ejn\u00e1 spr\u00e1va. (Student\/ka vysv\u011btl\u00ed obsah pojmu ve\u0159ejn\u00e1 spr\u00e1va v\u010d. pozitivn\u00edho a negativn\u00edho vymezen\u00ed ve\u0159ejn\u00e9 spr\u00e1vy. Student\/ka se d\u00e1le zam\u011b\u0159\u00ed na subsyst\u00e9my ve\u0159ejn\u00e9 spr\u00e1vy a vysv\u011btl\u00ed pojem legalita ve\u0159ejn\u00e9 spr\u00e1vy.) Organizace ve\u0159ejn\u00e9 spr\u00e1vy.&nbsp; (Definice a vymezen\u00ed ve\u0159ejn\u00e9 spr\u00e1vy, z\u00e1sady fungov\u00e1n\u00ed, mo\u017en\u00e9 zp\u016fsoby vzniku, syst\u00e9my m\u00edstn\u00ed spr\u00e1vy, charakteristika modern\u00edho st\u00e1tu, typy st\u00e1tn\u00edch org\u00e1n\u016f, znaky a [&hellip;]<\/p>\n","protected":false},"author":1,"featured_media":0,"parent":0,"menu_order":0,"comment_status":"closed","ping_status":"closed","template":"","meta":{"_monsterinsights_skip_tracking":false,"_monsterinsights_sitenote_active":false,"_monsterinsights_sitenote_note":"","_monsterinsights_sitenote_category":0,"_uf_show_specific_survey":0,"_uf_disable_surveys":false,"footnotes":""},"class_list":["post-4579","page","type-page","status-publish","hentry"],"aioseo_notices":[],"_links":{"self":[{"href":"https:\/\/vedlich.info\/index.php?rest_route=\/wp\/v2\/pages\/4579","targetHints":{"allow":["GET"]}}],"collection":[{"href":"https:\/\/vedlich.info\/index.php?rest_route=\/wp\/v2\/pages"}],"about":[{"href":"https:\/\/vedlich.info\/index.php?rest_route=\/wp\/v2\/types\/page"}],"author":[{"embeddable":true,"href":"https:\/\/vedlich.info\/index.php?rest_route=\/wp\/v2\/users\/1"}],"replies":[{"embeddable":true,"href":"https:\/\/vedlich.info\/index.php?rest_route=%2Fwp%2Fv2%2Fcomments&post=4579"}],"version-history":[{"count":4,"href":"https:\/\/vedlich.info\/index.php?rest_route=\/wp\/v2\/pages\/4579\/revisions"}],"predecessor-version":[{"id":4586,"href":"https:\/\/vedlich.info\/index.php?rest_route=\/wp\/v2\/pages\/4579\/revisions\/4586"}],"wp:attachment":[{"href":"https:\/\/vedlich.info\/index.php?rest_route=%2Fwp%2Fv2%2Fmedia&parent=4579"}],"curies":[{"name":"wp","href":"https:\/\/api.w.org\/{rel}","templated":true}]}}