{"id":2044,"date":"2014-07-30T14:18:24","date_gmt":"2014-07-30T13:18:24","guid":{"rendered":"http:\/\/vedlich.info\/?page_id=2044"},"modified":"2024-02-20T04:38:31","modified_gmt":"2024-02-20T03:38:31","slug":"homepage","status":"publish","type":"page","link":"https:\/\/vedlich.info\/","title":{"rendered":"Homepage"},"content":{"rendered":"\n<div class=\"wp-block-group\"><div class=\"wp-block-group__inner-container is-layout-flow wp-block-group-is-layout-flow\">\n<div style=\"height:100px\" aria-hidden=\"true\" class=\"wp-block-spacer\"><\/div>\n\n\n\n<div><strong>V\u00e1\u017een\u00ed p\u0159\u00e1tel\u00e9<\/strong>,<\/div>\n<div><div class=\"fusion-sep-clear\"><\/div><div class=\"fusion-separator sep-none\" style=\"border-color:#d6d6d6;margin-top:10px;\"><\/div><\/div>\n<div>\u00a0<\/div>\n<div>v\u00edt\u00e1m v\u00e1s na m\u00fdch str\u00e1nk\u00e1ch.<\/div>\n<div>\u00a0<\/div>\n<div>Dozv\u00edte se zde informace o m\u00fdch n\u00e1zorech na ka\u017edodenn\u00ed \u017eivot.<\/div>\n<div><div class=\"fusion-sep-clear\"><\/div><div class=\"fusion-separator sep-none\" style=\"border-color:#d6d6d6;margin-top:10px;\"><\/div><\/div>\n<p>\u00a0<\/p>\n<p>Jind\u0159ich Vedlich<br \/><div class=\"fusion-sep-clear\"><\/div><div class=\"fusion-separator sep-none\" style=\"border-color:#d6d6d6;margin-top:10px;\"><\/div>\n<\/div><\/div>\n\n\n\n<div style=\"height:100px\" aria-hidden=\"true\" class=\"wp-block-spacer\"><\/div>\n","protected":false},"excerpt":{"rendered":"<p>V\u00e1\u017een\u00ed p\u0159\u00e1tel\u00e9, \u00a0 v\u00edt\u00e1m v\u00e1s na m\u00fdch str\u00e1nk\u00e1ch. \u00a0 Dozv\u00edte se zde informace o m\u00fdch n\u00e1zorech na ka\u017edodenn\u00ed \u017eivot. \u00a0 Jind\u0159ich Vedlich<\/p>\n","protected":false},"author":1,"featured_media":0,"parent":0,"menu_order":0,"comment_status":"closed","ping_status":"closed","template":"","meta":{"_monsterinsights_skip_tracking":false,"_monsterinsights_sitenote_active":false,"_monsterinsights_sitenote_note":"","_monsterinsights_sitenote_category":0,"_uf_show_specific_survey":0,"_uf_disable_surveys":false,"footnotes":""},"class_list":["post-2044","page","type-page","status-publish","hentry"],"aioseo_notices":[],"_links":{"self":[{"href":"https:\/\/vedlich.info\/index.php?rest_route=\/wp\/v2\/pages\/2044","targetHints":{"allow":["GET"]}}],"collection":[{"href":"https:\/\/vedlich.info\/index.php?rest_route=\/wp\/v2\/pages"}],"about":[{"href":"https:\/\/vedlich.info\/index.php?rest_route=\/wp\/v2\/types\/page"}],"author":[{"embeddable":true,"href":"https:\/\/vedlich.info\/index.php?rest_route=\/wp\/v2\/users\/1"}],"replies":[{"embeddable":true,"href":"https:\/\/vedlich.info\/index.php?rest_route=%2Fwp%2Fv2%2Fcomments&post=2044"}],"version-history":[{"count":93,"href":"https:\/\/vedlich.info\/index.php?rest_route=\/wp\/v2\/pages\/2044\/revisions"}],"predecessor-version":[{"id":4717,"href":"https:\/\/vedlich.info\/index.php?rest_route=\/wp\/v2\/pages\/2044\/revisions\/4717"}],"wp:attachment":[{"href":"https:\/\/vedlich.info\/index.php?rest_route=%2Fwp%2Fv2%2Fmedia&parent=2044"}],"curies":[{"name":"wp","href":"https:\/\/api.w.org\/{rel}","templated":true}]}}