{"id":2,"date":"2011-11-12T13:46:06","date_gmt":"2011-11-12T13:46:06","guid":{"rendered":"http:\/\/vedlich.info\/?page_id=2"},"modified":"2025-06-18T08:49:12","modified_gmt":"2025-06-18T07:49:12","slug":"zkusebni-stranka","status":"publish","type":"page","link":"https:\/\/vedlich.info\/?page_id=2","title":{"rendered":"Kdo jsem"},"content":{"rendered":"<p>Narodil jsem se v Hradci Kr\u00e1lov\u00e9 a tomuto kr\u00e1sn\u00e9mu m\u011bstu z\u016fst\u00e1v\u00e1m st\u00e1le v\u011brn\u00fd. Poj\u00ed m\u011b s n\u00edm mnoho vzpom\u00ednek na d\u011btstv\u00ed, l\u00e9ta studi\u00ed, i n\u00e1sledn\u00fd profesn\u00ed \u017eivot.<\/p>\n<p>Za jednu ze sv\u00fdch nejd\u016fle\u017eit\u011bj\u0161\u00edch \u017eivotn\u00edch etap pova\u017euji \u00fa\u010dast na revolu\u010dn\u00edm d\u011bn\u00ed v roce 1989. Tehdy jsem se jako \u010dlen Studentsk\u00e9ho st\u00e1vkov\u00e9ho v\u00fdboru pod\u00edlel na organizaci protestn\u00edch demonstrac\u00ed i jedn\u00e1n\u00edch s tehdy vl\u00e1dnouc\u00ed t\u0159\u00eddou. Od t\u00e9to doby si velmi v\u00e1\u017e\u00edm osoby V\u00e1clava Havla a zejm\u00e9na jeho n\u00e1zoru, \u017ee \u017e\u00e1dn\u00fd z\u00e1kon, \u017e\u00e1dn\u00e1 \u00fastava, ani \u017e\u00e1dn\u00fd ve\u0159ejn\u00fd \u010dinitel nesm\u00ed st\u00e1t nad oby\u010dejnou spravedlnost\u00ed. Tento p\u0159\u00edstup se sna\u017e\u00edm prosazovat ve v\u0161ech ve\u0159ejn\u00fdch i mana\u017eersk\u00fdch funkc\u00edch, kter\u00e9 jsem zast\u00e1val. Jsem p\u0159esv\u011bd\u010den, \u017ee slu\u0161nost, lidskost a pracovitost by m\u011bly b\u00fdt z\u00e1kladn\u00ed hodnoty ka\u017ed\u00e9ho ve\u0159ejn\u00e9ho \u010dinitele.<\/p>\n<p>Jsem velmi r\u00e1d, \u017ee jsem m\u011bl mo\u017enost spolupracovat s\u00a0vz\u00e1cn\u00fdmi lidmi, kte\u0159\u00ed zast\u00e1vali stejn\u00e9 hodnoty. P\u016fsobil jsem jako asistent ministra zdravotnictv\u00ed doc. MUDr. Leo\u0161e Hegera, CSc. a asistent sen\u00e1tora doc. MUDr. Karla Bart\u00e1ka, CSc.<\/p>\n<div class=\"fusion-sep-clear\"><\/div><div class=\"fusion-separator sep-none\" style=\"border-color:#d6d6d6;margin-top:15px;\"><\/div>\n<div class=\"images-carousel-container fusion-image-carousel lightbox-enabled picture-size-auto\"><div class=\"es-carousel-wrapper fusion-carousel-small\"><div class=\"es-carousel\"><ul>\n<li><div class=\"image\"><a rel=\"prettyPhoto[gallery_image_1]\" href=\"http:\/\/vedlich.info\/wp-content\/uploads\/Studentsky-stavkovy-vybor-PdF.jpg\" target=\"_self \"><img decoding=\"async\" src=\"http:\/\/vedlich.info\/wp-content\/uploads\/Studentsky-stavkovy-vybor-PdF.jpg\" alt=\"Studentsk\u00fd stavkov\u00fd v\u00fdbor PdF\" \/><\/a><\/div><\/li>\n<li><div class=\"image\"><a rel=\"prettyPhoto[gallery_image_1]\" href=\"http:\/\/vedlich.info\/wp-content\/uploads\/Prvni-svobodne-volby.jpg\" target=\"_self \"><img decoding=\"async\" src=\"http:\/\/vedlich.info\/wp-content\/uploads\/Prvni-svobodne-volby.jpg\" alt=\"Prvn\u00ed svobodn\u00e9 volby v Hradci Kr\u00e1lov\u00e9\" \/><\/a><\/div><\/li>\n<li><div class=\"image\"><a rel=\"prettyPhoto[gallery_image_1]\" href=\"http:\/\/vedlich.info\/wp-content\/uploads\/Prohlaseni-Studentskeho-stavkoveho-vyboru.jpg\" target=\"_self \"><img decoding=\"async\" src=\"http:\/\/vedlich.info\/wp-content\/uploads\/Prohlaseni-Studentskeho-stavkoveho-vyboru.jpg\" alt=\"Prohl\u00e1\u0161en\u00ed Studentsk\u00e9ho st\u00e1vkov\u00e9ho v\u00fdboru v Hradci Kr\u00e1lov\u00e9\" \/><\/a><\/div><\/li>\n<li><div class=\"image\"><a rel=\"prettyPhoto[gallery_image_1]\" href=\"http:\/\/vedlich.info\/wp-content\/uploads\/Lidsky-retez-mezi-Hradcem-a-Pardubicemi-foto-Ladislav-Chytry.jpg\" target=\"_self \"><img decoding=\"async\" src=\"http:\/\/vedlich.info\/wp-content\/uploads\/Lidsky-retez-mezi-Hradcem-a-Pardubicemi-foto-Ladislav-Chytry.jpg\" alt=\"Lidsk\u00fd \u0159et\u011bz mezi Hradcem Kr\u00e1lov\u00e9 a Pardubicemi (foto Ladislav Chytr\u00fd)\" \/><\/a><\/div><\/li>\n<li><div class=\"image\"><a rel=\"prettyPhoto[gallery_image_1]\" href=\"http:\/\/vedlich.info\/wp-content\/uploads\/Hradba-z-papirovych-foto-Blanka-Steunerova.jpg\" target=\"_self \"><img decoding=\"async\" src=\"http:\/\/vedlich.info\/wp-content\/uploads\/Hradba-z-papirovych-foto-Blanka-Steunerova.jpg\" alt=\"Hradba z pap\u00edrov\u00fdch krabic na dne\u0161n\u00edm Ulrichov\u011b n\u00e1m\u011bst\u00ed (foto Blanka Steunerov\u00e1)\" \/><\/a><\/div><\/li>\n<li><div class=\"image\"><a rel=\"prettyPhoto[gallery_image_1]\" href=\"http:\/\/vedlich.info\/wp-content\/uploads\/Generalni-stavka-v-CKD-fota-Ladislav-Klisc.jpg\" target=\"_self \"><img decoding=\"async\" src=\"http:\/\/vedlich.info\/wp-content\/uploads\/Generalni-stavka-v-CKD-fota-Ladislav-Klisc.jpg\" alt=\"Gener\u00e1lni st\u00e1vka v \u010cKD (foto Ladislav Kli\u0161\u010d)\" \/><\/a><\/div><\/li>\n<li><div class=\"image\"><a rel=\"prettyPhoto[gallery_image_1]\" href=\"http:\/\/vedlich.info\/wp-content\/uploads\/Demonstrace-na-Velkem-namesti-foto-Ladislav-Chytry.jpg\" target=\"_self \"><img decoding=\"async\" src=\"http:\/\/vedlich.info\/wp-content\/uploads\/Demonstrace-na-Velkem-namesti-foto-Ladislav-Chytry.jpg\" alt=\"Demonstrace na Velk\u00e9m n\u00e1m\u011bst\u00ed (foto Ladislav Chytr\u00fd)\" \/><\/a><\/div><\/li>\n<\/ul><\/div><div class=\"es-nav\"><span class=\"es-nav-prev\"><\/span><span class=\"es-nav-next\"><\/span><\/div><\/div><\/div>\n<p>Potom jsem osm let p\u016fsobil jako n\u00e1m\u011bstek prim\u00e1tora m\u011bsta Hradce Kr\u00e1lov\u00e9 pro rozvoj m\u011bsta, investice a dotace. Do t\u00e9to pozice jsem nastupoval s jasnou viz\u00ed, jak z Hradce Kr\u00e1lov\u00e9 u\u010dinit lep\u0161\u00ed m\u00edsto pro \u017eivot. K finan\u010dn\u00ed stabilit\u011b m\u011bsta p\u0159isp\u011bla na\u0161e vysok\u00e1 \u00fasp\u011b\u0161nost p\u0159i \u010derp\u00e1n\u00ed dotac\u00ed z Evropsk\u00e9 unie. M\u011bstsk\u00e9 investice sm\u011b\u0159ovaly zejm\u00e9na do obnovy ve\u0159ejn\u00fdch prostor. V Hradci Kr\u00e1lov\u00e9 tak byla rekonstruov\u00e1na v\u00fdznamn\u00e1 n\u00e1m\u011bst\u00ed a ulice, parky i sportovi\u0161t\u011b. Poda\u0159ilo se vybudovat velmi zaj\u00edmav\u00e9 prostory na m\u00edst\u011b historick\u00fdch m\u011bstsk\u00fdch teras \u010di n\u00e1plavk\u00e1ch Labe. Ve m\u011bst\u011b vyrostly nov\u00e9 \u0161kolky a do\u0161lo k rekonstrukci dal\u0161\u00edch objekt\u016f.<\/p>\n<div class=\"fusion-sep-clear\"><\/div><div class=\"fusion-separator sep-none\" style=\"border-color:#d6d6d6;margin-top:15px;\"><\/div>\n<div class=\"images-carousel-container fusion-image-carousel lightbox-enabled picture-size-auto\"><div class=\"es-carousel-wrapper fusion-carousel-small\"><div class=\"es-carousel\"><ul>\n<li><div class=\"image\"><a rel=\"prettyPhoto[gallery_image_2]\" href=\"http:\/\/vedlich.info\/wp-content\/uploads\/2014\/08\/n\u00e1m\u011bst\u00ed-28.-\u0159\u00edjna.jpg\" target=\"_self \"><img decoding=\"async\" src=\"http:\/\/vedlich.info\/wp-content\/uploads\/2014\/08\/n\u00e1m\u011bst\u00ed-28.-\u0159\u00edjna.jpg\" alt=\"\" \/><\/a><\/div><\/li>\n<li><div class=\"image\"><a rel=\"prettyPhoto[gallery_image_2]\" href=\"http:\/\/vedlich.info\/wp-content\/uploads\/2014\/08\/v\u011bdeck\u00e1-knihovna.jpg\" target=\"_self \"><img decoding=\"async\" src=\"http:\/\/vedlich.info\/wp-content\/uploads\/2014\/08\/v\u011bdeck\u00e1-knihovna.jpg\" alt=\"\" \/><\/a><\/div><\/li>\n<\/ul><\/div><div class=\"es-nav\"><span class=\"es-nav-prev\"><\/span><span class=\"es-nav-next\"><\/span><\/div><\/div><\/div>\n<p>D\u016fle\u017eit\u00e1 byla tak\u00e9 snaha o zachov\u00e1n\u00ed velk\u00e9ho mno\u017estv\u00ed zelen\u011b ve m\u011bst\u011b, proto\u017ee pr\u00e1v\u011b ta z Hradce Kr\u00e1lov\u00e9 \u010din\u00ed tak p\u0159\u00edjemn\u00e9 m\u00edsto k \u017eivotu. Seznam projekt\u016f realizovan\u00fdch pod m\u00fdm veden\u00edm je uveden v\u00a0sekci t\u011bchto webov\u00fdch str\u00e1nek pod n\u00e1zvem <strong><u><a title=\"Co se poda\u0159ilo\" href=\"https:\/\/vedlich.info\/?page_id=4431\">\u201eCo se poda\u0159ilo\u201c<\/a><\/u><\/strong><\/p>\n<p>P\u0159esto, \u017ee jsem pravicov\u011b sm\u00fd\u0161lej\u00edc\u00edm \u010dlov\u011bkem, m\u00e1 v m\u00e9m \u017eivot\u011b vysokou prioritu soci\u00e1ln\u00ed c\u00edt\u011bn\u00ed. Po dlouhou dobu jsem se v t\u00e9to sf\u00e9\u0159e pohyboval na \u00dastavu soci\u00e1ln\u00ed pr\u00e1ce Univerzity Hradec Kr\u00e1lov\u00e9, kde jsem dlouh\u00e1 l\u00e9ta p\u0159edn\u00e1\u0161el. Na Pedagogick\u00e9 fakult\u011b UHK jsem pak p\u016fsobil i jako prod\u011bkan pro rozvoj, celo\u017eivotn\u00ed vzd\u011bl\u00e1v\u00e1n\u00ed, legislativu, dotace a projekty.<\/p>\n<p style=\"text-align: justify;\">Pokud zrovna nepracuji, v\u011bnuji sv\u016fj \u010das z\u00e1lib\u00e1m, mezi kter\u00e9 pat\u0159\u00ed sport v\u0161eho druhu, \u010detba, hudba a modern\u00ed technika.<\/p>\n<p style=\"text-align: right;\">\n","protected":false},"excerpt":{"rendered":"<p>Narodil jsem se v Hradci Kr\u00e1lov\u00e9 a tomuto kr\u00e1sn\u00e9mu m\u011bstu z\u016fst\u00e1v\u00e1m st\u00e1le v\u011brn\u00fd. Poj\u00ed m\u011b s n\u00edm mnoho vzpom\u00ednek na d\u011btstv\u00ed, l\u00e9ta studi\u00ed, i n\u00e1sledn\u00fd profesn\u00ed \u017eivot. Za jednu ze sv\u00fdch nejd\u016fle\u017eit\u011bj\u0161\u00edch \u017eivotn\u00edch etap pova\u017euji \u00fa\u010dast na revolu\u010dn\u00edm d\u011bn\u00ed v roce 1989. Tehdy jsem se jako \u010dlen Studentsk\u00e9ho st\u00e1vkov\u00e9ho v\u00fdboru pod\u00edlel na organizaci protestn\u00edch demonstrac\u00ed [&hellip;]<\/p>\n","protected":false},"author":1,"featured_media":0,"parent":0,"menu_order":2,"comment_status":"closed","ping_status":"open","template":"","meta":{"_monsterinsights_skip_tracking":false,"_monsterinsights_sitenote_active":false,"_monsterinsights_sitenote_note":"","_monsterinsights_sitenote_category":0,"_uf_show_specific_survey":0,"_uf_disable_surveys":false,"footnotes":""},"class_list":["post-2","page","type-page","status-publish","hentry"],"aioseo_notices":[],"_links":{"self":[{"href":"https:\/\/vedlich.info\/index.php?rest_route=\/wp\/v2\/pages\/2","targetHints":{"allow":["GET"]}}],"collection":[{"href":"https:\/\/vedlich.info\/index.php?rest_route=\/wp\/v2\/pages"}],"about":[{"href":"https:\/\/vedlich.info\/index.php?rest_route=\/wp\/v2\/types\/page"}],"author":[{"embeddable":true,"href":"https:\/\/vedlich.info\/index.php?rest_route=\/wp\/v2\/users\/1"}],"replies":[{"embeddable":true,"href":"https:\/\/vedlich.info\/index.php?rest_route=%2Fwp%2Fv2%2Fcomments&post=2"}],"version-history":[{"count":60,"href":"https:\/\/vedlich.info\/index.php?rest_route=\/wp\/v2\/pages\/2\/revisions"}],"predecessor-version":[{"id":4778,"href":"https:\/\/vedlich.info\/index.php?rest_route=\/wp\/v2\/pages\/2\/revisions\/4778"}],"wp:attachment":[{"href":"https:\/\/vedlich.info\/index.php?rest_route=%2Fwp%2Fv2%2Fmedia&parent=2"}],"curies":[{"name":"wp","href":"https:\/\/api.w.org\/{rel}","templated":true}]}}